{"id":2944,"date":"2021-02-13T08:54:32","date_gmt":"2021-02-13T08:54:32","guid":{"rendered":"http:\/\/esi.edu.sa\/en\/?page_id=2944"},"modified":"2022-01-25T20:19:17","modified_gmt":"2022-01-25T17:19:17","slug":"fidic-federation-internationale-des-ingenieurs-conseils-course","status":"publish","type":"page","link":"https:\/\/esi.edu.sa\/en\/fidic-federation-internationale-des-ingenieurs-conseils-course\/","title":{"rendered":"FIDIC-F\u00e9d\u00e9ration Internationale Des Ing\u00e9nieurs-Conseils Course"},"content":{"rendered":"\n","protected":false},"excerpt":{"rendered":"","protected":false},"author":2,"featured_media":0,"parent":0,"menu_order":0,"comment_status":"closed","ping_status":"closed","template":"","meta":{"_acf_changed":false,"footnotes":""},"class_list":{"0":"post-2944","1":"page","2":"type-page","3":"status-publish","5":"infinite-scroll-item","6":"no-featured-image-padding"},"acf":[],"_links":{"self":[{"href":"https:\/\/esi.edu.sa\/en\/wp-json\/wp\/v2\/pages\/2944","targetHints":{"allow":["GET"]}}],"collection":[{"href":"https:\/\/esi.edu.sa\/en\/wp-json\/wp\/v2\/pages"}],"about":[{"href":"https:\/\/esi.edu.sa\/en\/wp-json\/wp\/v2\/types\/page"}],"author":[{"embeddable":true,"href":"https:\/\/esi.edu.sa\/en\/wp-json\/wp\/v2\/users\/2"}],"replies":[{"embeddable":true,"href":"https:\/\/esi.edu.sa\/en\/wp-json\/wp\/v2\/comments?post=2944"}],"version-history":[{"count":1,"href":"https:\/\/esi.edu.sa\/en\/wp-json\/wp\/v2\/pages\/2944\/revisions"}],"predecessor-version":[{"id":9332,"href":"https:\/\/esi.edu.sa\/en\/wp-json\/wp\/v2\/pages\/2944\/revisions\/9332"}],"wp:attachment":[{"href":"https:\/\/esi.edu.sa\/en\/wp-json\/wp\/v2\/media?parent=2944"}],"curies":[{"name":"wp","href":"https:\/\/api.w.org\/{rel}","templated":true}]}}